{"id":1055,"date":"2023-03-20T15:41:11","date_gmt":"2023-03-20T15:41:11","guid":{"rendered":"https:\/\/hosteladrialive.hr\/?page_id=1055"},"modified":"2023-03-20T15:53:01","modified_gmt":"2023-03-20T15:53:01","slug":"privacy-policy-2","status":"publish","type":"page","link":"https:\/\/hosteladrialive.hr\/?page_id=1055","title":{"rendered":"Pravila privatnosti"},"content":{"rendered":"\n<pre id=\"tw-target-text\" class=\"wp-block-preformatted has-medium-font-size\"><strong>Tko smo mi<\/strong>\n\nAdresa na\u0161e web stranice je: https:\/\/hosteladrialive.hr.\n\n\n<strong>Komentari<\/strong>\n\nPredlo\u017eeni tekst: Kada posjetitelji ostavljaju komentare na web-mjestu, prikupljamo podatke prikazane u obrascu za komentare, kao i posjetiteljevu IP adresu i niz korisni\u010dkog agenta preglednika kako bismo pomogli u otkrivanju ne\u017eeljene po\u0161te.\n\n\n<strong>Kola\u010di\u0107i<\/strong>\n\nAko ostavite komentar na na\u0161oj stranici, mo\u017eete se odlu\u010diti za spremanje svog imena, adrese e-po\u0161te i web stranice u kola\u010di\u0107e. Ovo je za va\u0161u udobnost kako ne biste morali ponovno ispunjavati svoje podatke kada ostavljate novi komentar. Ovi kola\u010di\u0107i \u0107e trajati godinu dana.\n\nAko posjetite na\u0161u stranicu za prijavu, postavit \u0107emo privremeni kola\u010di\u0107 kako bismo utvrdili prihva\u0107a li va\u0161 preglednik kola\u010di\u0107e. Ovaj kola\u010di\u0107 ne sadr\u017ei osobne podatke i odbacuje se kada zatvorite preglednik.\n\nKada se prijavite, tako\u0111er \u0107emo postaviti nekoliko kola\u010di\u0107a za spremanje va\u0161ih podataka za prijavu i va\u0161ih izbora prikaza na zaslonu. Kola\u010di\u0107i za prijavu traju dva dana, a kola\u010di\u0107i s opcijama zaslona godinu dana. Ako odaberete \"Zapamti me\", va\u0161a \u0107e prijava trajati dva tjedna. Ako se odjavite sa svog ra\u010duna, kola\u010di\u0107i za prijavu bit \u0107e uklonjeni.\n\nAko uredite ili objavite \u010dlanak, dodatni kola\u010di\u0107 \u0107e se spremiti u va\u0161 preglednik. Ovaj kola\u010di\u0107 ne uklju\u010duje osobne podatke i samo ozna\u010dava ID objave \u010dlanka koji ste upravo uredili. Isti\u010de nakon 1 dana.\n\n\n<strong>Ugra\u0111eni sadr\u017eaj s drugih web stranica<\/strong>\n\n\u010clanci na ovoj stranici mogu sadr\u017eavati ugra\u0111eni sadr\u017eaj (npr. videozapise, slike, \u010dlanke itd.). Ugra\u0111eni sadr\u017eaj s drugih web stranica pona\u0161a se na potpuno isti na\u010din kao da je posjetitelj posjetio drugu web stranicu.\n\nOve web stranice mogu prikupljati podatke o vama, koristiti kola\u010di\u0107e, ugraditi dodatno pra\u0107enje tre\u0107e strane i pratiti va\u0161u interakciju s tim ugra\u0111enim sadr\u017eajem, uklju\u010duju\u0107i pra\u0107enje va\u0161e interakcije s ugra\u0111enim sadr\u017eajem ako imate ra\u010dun i prijavljeni ste na to web mjesto.\n\n\n<strong>S kim dijelimo va\u0161e podatke<\/strong>\n\nAko zatra\u017eite rezervaciju, va\u0161e ime, adresa e-po\u0161te i IP adresa bit \u0107e uklju\u010deni u poruku e-po\u0161te.\n\n\n<strong>Koliko dugo zadr\u017eavamo va\u0161e podatke<\/strong>\n\nAko ostavite rezervaciju, metapodaci se zadr\u017eavaju na neodre\u0111eno vrijeme. To je tako da mo\u017eemo automatski prepoznati i odobriti sve naknadne rezervacije umjesto da ih dr\u017eimo u redu za moderiranje.\n\n\n<strong>Koja prava imate nad svojim podacima<\/strong>\n\nAko imate ra\u010dun na ovoj stranici ili ste ostavili komentare, mo\u017eete zatra\u017eiti izvezenu datoteku osobnih podataka koje imamo o vama, uklju\u010duju\u0107i sve podatke koje ste nam dostavili. Tako\u0111er mo\u017eete zatra\u017eiti da izbri\u0161emo sve osobne podatke koje imamo o vama. To ne uklju\u010duje podatke koje smo du\u017eni \u010duvati u administrativne, pravne ili sigurnosne svrhe.\n\n\n<strong>Kamo se \u0161alju va\u0161i podaci<\/strong>\n\nKomentari posjetitelja mogu se provjeriti putem automatizirane usluge otkrivanja ne\u017eeljene po\u0161te.<\/pre>\n","protected":false},"excerpt":{"rendered":"<p>Tko smo mi Adresa na\u0161e web stranice je: https:\/\/hosteladrialive.hr. Komentari Predlo\u017eeni tekst: Kada posjetitelji ostavljaju komentare na web-mjestu, prikupljamo podatke prikazane u obrascu za komentare, kao i posjetiteljevu IP adresu i niz korisni\u010dkog agenta preglednika kako bismo pomogli u otkrivanju ne\u017eeljene po\u0161te. Kola\u010di\u0107i Ako ostavite komentar na na\u0161oj stranici, mo\u017eete se odlu\u010diti za spremanje svog&hellip;<\/p>\n","protected":false},"author":1,"featured_media":0,"parent":0,"menu_order":0,"comment_status":"closed","ping_status":"closed","template":"","meta":{"footnotes":""},"class_list":["post-1055","page","type-page","status-publish","hentry"],"yoast_head":"<!-- This site is optimized with the Yoast SEO plugin v24.8.1 - https:\/\/yoast.com\/wordpress\/plugins\/seo\/ -->\n<title>Pravila privatnosti | Hostel Adria Zadar<\/title>\n<meta name=\"robots\" content=\"index, follow, max-snippet:-1, max-image-preview:large, max-video-preview:-1\" \/>\n<link rel=\"canonical\" href=\"https:\/\/hosteladrialive.hr\/?page_id=1055\" \/>\n<meta property=\"og:locale\" content=\"en_US\" \/>\n<meta property=\"og:type\" content=\"article\" \/>\n<meta property=\"og:title\" content=\"Pravila privatnosti | Hostel Adria Zadar\" \/>\n<meta property=\"og:description\" content=\"Tko smo mi Adresa na\u0161e web stranice je: https:\/\/hosteladrialive.hr. Komentari Predlo\u017eeni tekst: Kada posjetitelji ostavljaju komentare na web-mjestu, prikupljamo podatke prikazane u obrascu za komentare, kao i posjetiteljevu IP adresu i niz korisni\u010dkog agenta preglednika kako bismo pomogli u otkrivanju ne\u017eeljene po\u0161te. Kola\u010di\u0107i Ako ostavite komentar na na\u0161oj stranici, mo\u017eete se odlu\u010diti za spremanje svog&hellip;\" \/>\n<meta property=\"og:url\" content=\"https:\/\/hosteladrialive.hr\/?page_id=1055\" \/>\n<meta property=\"og:site_name\" content=\"Hostel Adria Zadar\" \/>\n<meta property=\"article:publisher\" content=\"https:\/\/www.facebook.com\/hosteladriazadar\" \/>\n<meta property=\"article:modified_time\" content=\"2023-03-20T15:53:01+00:00\" \/>\n<meta property=\"og:image\" content=\"https:\/\/hosteladrialive.hr\/wp-content\/uploads\/2022\/10\/GOPR0238-1-scaled.jpg\" \/>\n\t<meta property=\"og:image:width\" content=\"2560\" \/>\n\t<meta property=\"og:image:height\" content=\"1920\" \/>\n\t<meta property=\"og:image:type\" content=\"image\/jpeg\" \/>\n<meta name=\"twitter:card\" content=\"summary_large_image\" \/>\n<meta name=\"twitter:label1\" content=\"Est. reading time\" \/>\n\t<meta name=\"twitter:data1\" content=\"3 minutes\" \/>\n<script type=\"application\/ld+json\" class=\"yoast-schema-graph\">{\"@context\":\"https:\/\/schema.org\",\"@graph\":[{\"@type\":\"WebPage\",\"@id\":\"https:\/\/hosteladrialive.hr\/?page_id=1055\",\"url\":\"https:\/\/hosteladrialive.hr\/?page_id=1055\",\"name\":\"Pravila privatnosti | Hostel Adria Zadar\",\"isPartOf\":{\"@id\":\"https:\/\/hosteladrialive.hr\/#website\"},\"datePublished\":\"2023-03-20T15:41:11+00:00\",\"dateModified\":\"2023-03-20T15:53:01+00:00\",\"breadcrumb\":{\"@id\":\"https:\/\/hosteladrialive.hr\/?page_id=1055#breadcrumb\"},\"inLanguage\":\"en-US\",\"potentialAction\":[{\"@type\":\"ReadAction\",\"target\":[\"https:\/\/hosteladrialive.hr\/?page_id=1055\"]}]},{\"@type\":\"BreadcrumbList\",\"@id\":\"https:\/\/hosteladrialive.hr\/?page_id=1055#breadcrumb\",\"itemListElement\":[{\"@type\":\"ListItem\",\"position\":1,\"name\":\"Home\",\"item\":\"https:\/\/hosteladrialive.hr\/\"},{\"@type\":\"ListItem\",\"position\":2,\"name\":\"Pravila privatnosti\"}]},{\"@type\":\"WebSite\",\"@id\":\"https:\/\/hosteladrialive.hr\/#website\",\"url\":\"https:\/\/hosteladrialive.hr\/\",\"name\":\"Hostel Adria Zadar\",\"description\":\"Hostel Adria Zadar Live\",\"publisher\":{\"@id\":\"https:\/\/hosteladrialive.hr\/#organization\"},\"alternateName\":\"Hostel Adria Live\",\"potentialAction\":[{\"@type\":\"SearchAction\",\"target\":{\"@type\":\"EntryPoint\",\"urlTemplate\":\"https:\/\/hosteladrialive.hr\/?s={search_term_string}\"},\"query-input\":{\"@type\":\"PropertyValueSpecification\",\"valueRequired\":true,\"valueName\":\"search_term_string\"}}],\"inLanguage\":\"en-US\"},{\"@type\":\"Organization\",\"@id\":\"https:\/\/hosteladrialive.hr\/#organization\",\"name\":\"Hostel Adria Zadar\",\"alternateName\":\"Hostel Adria Live\",\"url\":\"https:\/\/hosteladrialive.hr\/\",\"logo\":{\"@type\":\"ImageObject\",\"inLanguage\":\"en-US\",\"@id\":\"https:\/\/hosteladrialive.hr\/#\/schema\/logo\/image\/\",\"url\":\"https:\/\/hosteladrialive.hr\/wp-content\/uploads\/2023\/03\/Adria-boat-yellow-sun-text.png\",\"contentUrl\":\"https:\/\/hosteladrialive.hr\/wp-content\/uploads\/2023\/03\/Adria-boat-yellow-sun-text.png\",\"width\":1024,\"height\":1024,\"caption\":\"Hostel Adria Zadar\"},\"image\":{\"@id\":\"https:\/\/hosteladrialive.hr\/#\/schema\/logo\/image\/\"},\"sameAs\":[\"https:\/\/www.facebook.com\/hosteladriazadar\"]}]}<\/script>\n<!-- \/ Yoast SEO plugin. -->","yoast_head_json":{"title":"Pravila privatnosti | Hostel Adria Zadar","robots":{"index":"index","follow":"follow","max-snippet":"max-snippet:-1","max-image-preview":"max-image-preview:large","max-video-preview":"max-video-preview:-1"},"canonical":"https:\/\/hosteladrialive.hr\/?page_id=1055","og_locale":"en_US","og_type":"article","og_title":"Pravila privatnosti | Hostel Adria Zadar","og_description":"Tko smo mi Adresa na\u0161e web stranice je: https:\/\/hosteladrialive.hr. Komentari Predlo\u017eeni tekst: Kada posjetitelji ostavljaju komentare na web-mjestu, prikupljamo podatke prikazane u obrascu za komentare, kao i posjetiteljevu IP adresu i niz korisni\u010dkog agenta preglednika kako bismo pomogli u otkrivanju ne\u017eeljene po\u0161te. Kola\u010di\u0107i Ako ostavite komentar na na\u0161oj stranici, mo\u017eete se odlu\u010diti za spremanje svog&hellip;","og_url":"https:\/\/hosteladrialive.hr\/?page_id=1055","og_site_name":"Hostel Adria Zadar","article_publisher":"https:\/\/www.facebook.com\/hosteladriazadar","article_modified_time":"2023-03-20T15:53:01+00:00","og_image":[{"width":2560,"height":1920,"url":"https:\/\/hosteladrialive.hr\/wp-content\/uploads\/2022\/10\/GOPR0238-1-scaled.jpg","type":"image\/jpeg"}],"twitter_card":"summary_large_image","twitter_misc":{"Est. reading time":"3 minutes"},"schema":{"@context":"https:\/\/schema.org","@graph":[{"@type":"WebPage","@id":"https:\/\/hosteladrialive.hr\/?page_id=1055","url":"https:\/\/hosteladrialive.hr\/?page_id=1055","name":"Pravila privatnosti | Hostel Adria Zadar","isPartOf":{"@id":"https:\/\/hosteladrialive.hr\/#website"},"datePublished":"2023-03-20T15:41:11+00:00","dateModified":"2023-03-20T15:53:01+00:00","breadcrumb":{"@id":"https:\/\/hosteladrialive.hr\/?page_id=1055#breadcrumb"},"inLanguage":"en-US","potentialAction":[{"@type":"ReadAction","target":["https:\/\/hosteladrialive.hr\/?page_id=1055"]}]},{"@type":"BreadcrumbList","@id":"https:\/\/hosteladrialive.hr\/?page_id=1055#breadcrumb","itemListElement":[{"@type":"ListItem","position":1,"name":"Home","item":"https:\/\/hosteladrialive.hr\/"},{"@type":"ListItem","position":2,"name":"Pravila privatnosti"}]},{"@type":"WebSite","@id":"https:\/\/hosteladrialive.hr\/#website","url":"https:\/\/hosteladrialive.hr\/","name":"Hostel Adria Zadar","description":"Hostel Adria Zadar Live","publisher":{"@id":"https:\/\/hosteladrialive.hr\/#organization"},"alternateName":"Hostel Adria Live","potentialAction":[{"@type":"SearchAction","target":{"@type":"EntryPoint","urlTemplate":"https:\/\/hosteladrialive.hr\/?s={search_term_string}"},"query-input":{"@type":"PropertyValueSpecification","valueRequired":true,"valueName":"search_term_string"}}],"inLanguage":"en-US"},{"@type":"Organization","@id":"https:\/\/hosteladrialive.hr\/#organization","name":"Hostel Adria Zadar","alternateName":"Hostel Adria Live","url":"https:\/\/hosteladrialive.hr\/","logo":{"@type":"ImageObject","inLanguage":"en-US","@id":"https:\/\/hosteladrialive.hr\/#\/schema\/logo\/image\/","url":"https:\/\/hosteladrialive.hr\/wp-content\/uploads\/2023\/03\/Adria-boat-yellow-sun-text.png","contentUrl":"https:\/\/hosteladrialive.hr\/wp-content\/uploads\/2023\/03\/Adria-boat-yellow-sun-text.png","width":1024,"height":1024,"caption":"Hostel Adria Zadar"},"image":{"@id":"https:\/\/hosteladrialive.hr\/#\/schema\/logo\/image\/"},"sameAs":["https:\/\/www.facebook.com\/hosteladriazadar"]}]}},"_links":{"self":[{"href":"https:\/\/hosteladrialive.hr\/index.php?rest_route=\/wp\/v2\/pages\/1055","targetHints":{"allow":["GET"]}}],"collection":[{"href":"https:\/\/hosteladrialive.hr\/index.php?rest_route=\/wp\/v2\/pages"}],"about":[{"href":"https:\/\/hosteladrialive.hr\/index.php?rest_route=\/wp\/v2\/types\/page"}],"author":[{"embeddable":true,"href":"https:\/\/hosteladrialive.hr\/index.php?rest_route=\/wp\/v2\/users\/1"}],"replies":[{"embeddable":true,"href":"https:\/\/hosteladrialive.hr\/index.php?rest_route=%2Fwp%2Fv2%2Fcomments&post=1055"}],"version-history":[{"count":3,"href":"https:\/\/hosteladrialive.hr\/index.php?rest_route=\/wp\/v2\/pages\/1055\/revisions"}],"predecessor-version":[{"id":1058,"href":"https:\/\/hosteladrialive.hr\/index.php?rest_route=\/wp\/v2\/pages\/1055\/revisions\/1058"}],"wp:attachment":[{"href":"https:\/\/hosteladrialive.hr\/index.php?rest_route=%2Fwp%2Fv2%2Fmedia&parent=1055"}],"curies":[{"name":"wp","href":"https:\/\/api.w.org\/{rel}","templated":true}]}}